{"id":483,"date":"2025-12-18T10:48:17","date_gmt":"2025-12-18T10:48:17","guid":{"rendered":"https:\/\/rsforbusiness.de\/impressum\/"},"modified":"2026-02-25T14:29:36","modified_gmt":"2026-02-25T14:29:36","slug":"impressum","status":"publish","type":"page","link":"https:\/\/rsforbusiness.de\/en\/impressum\/","title":{"rendered":"Impressum"},"content":{"rendered":"<p>[et_pb_section fb_built=&#8221;1&#8243; fullwidth=&#8221;on&#8221; _builder_version=&#8221;4.27.4&#8243; _module_preset=&#8221;default&#8221; global_colors_info=&#8221;{}&#8221;][et_pb_fullwidth_header title=&#8221;Impressum&#8221; _builder_version=&#8221;4.27.5&#8243; _module_preset=&#8221;default&#8221; title_font_size=&#8221;36px&#8221; content_font_size=&#8221;28px&#8221; content_line_height=&#8221;1.2em&#8221; subhead_font=&#8221;RS Bold||||||||&#8221; subhead_font_size=&#8221;72px&#8221; subhead_line_height=&#8221;0.9em&#8221; background_enable_color=&#8221;off&#8221; background_image=&#8221;https:\/\/rsforbusiness.de\/wp-content\/uploads\/2025\/12\/rs-header.webp&#8221; parallax=&#8221;on&#8221; custom_padding=&#8221;15vh||2vh||false|false&#8221; title_font_size_tablet=&#8221;&#8221; title_font_size_phone=&#8221;&#8221; title_font_size_last_edited=&#8221;on|desktop&#8221; subhead_font_size_tablet=&#8221;52px&#8221; subhead_font_size_phone=&#8221;48px&#8221; subhead_font_size_last_edited=&#8221;on|desktop&#8221; custom_css_content=&#8221;margin-top:20px;||margin-bottom:20px;&#8221; global_colors_info=&#8221;{%22gcid-primary-color%22:%91%22background_color_gradient_stops%22%93,%22gcid-secondary-color%22:%91%22background_color_gradient_stops%22%93}&#8221;][\/et_pb_fullwidth_header][\/et_pb_section][et_pb_section fb_built=&#8221;1&#8243; _builder_version=&#8221;4.27.4&#8243; _module_preset=&#8221;default&#8221; global_colors_info=&#8221;{}&#8221;][et_pb_row column_structure=&#8221;1_4,1_4,1_4,1_4&#8243; use_custom_gutter=&#8221;on&#8221; gutter_width=&#8221;2&#8243; _builder_version=&#8221;4.27.4&#8243; _module_preset=&#8221;default&#8221; hover_enabled=&#8221;0&#8243; global_colors_info=&#8221;{}&#8221; sticky_enabled=&#8221;0&#8243;][et_pb_column type=&#8221;1_4&#8243; _builder_version=&#8221;4.27.4&#8243; _module_preset=&#8221;default&#8221; global_colors_info=&#8221;{}&#8221;][et_pb_text _builder_version=&#8221;4.27.5&#8243; _module_preset=&#8221;default&#8221; text_font=&#8221;RS Regular||||||||&#8221; custom_margin=&#8221;||15px||false|false&#8221; animation_style=&#8221;slide&#8221; animation_direction=&#8221;bottom&#8221; animation_intensity_slide=&#8221;5%&#8221; hover_enabled=&#8221;0&#8243; global_colors_info=&#8221;{}&#8221; sticky_enabled=&#8221;0&#8243;]<\/p>\n<h5>RS for business GmbH<\/h5>\n<p>Am M\u00fcnchfeld 57-59<br \/>80999 M\u00fcnchen<\/p>\n<p>Telefon: +49 7404 6601803<br \/>E-Mail: <a href=\"mailto:info@rsforbusiness.de\">info@rsforbusiness.de<\/a><\/p>\n<h5>Represented by:<\/h5>\n<p><span>Kristijan Kopi\u0107<\/span><\/p>\n<p>[\/et_pb_text][\/et_pb_column][et_pb_column type=&#8221;1_4&#8243; _builder_version=&#8221;4.27.4&#8243; _module_preset=&#8221;default&#8221; global_colors_info=&#8221;{}&#8221;][et_pb_text _builder_version=&#8221;4.27.5&#8243; _module_preset=&#8221;default&#8221; text_font=&#8221;RS Regular||||||||&#8221; custom_margin=&#8221;||15px||false|false&#8221; animation_style=&#8221;slide&#8221; animation_direction=&#8221;bottom&#8221; animation_intensity_slide=&#8221;5%&#8221; global_colors_info=&#8221;{}&#8221;]<\/p>\n<h5><span>Sales tax identification number in accordance with Section 27a of the Sales Tax Act:<\/span><\/h5>\n<p><span>DE240488177<\/span><\/p>\n<h5><span>Responsible for content in accordance with \u00a7 55 (2) RStV: <\/span><\/h5>\n<p><span>Kristijan Kopi\u0107<\/span><\/p>\n<h6><\/h6>\n<p>[\/et_pb_text][\/et_pb_column][et_pb_column type=&#8221;1_4&#8243; _builder_version=&#8221;4.27.4&#8243; _module_preset=&#8221;default&#8221; global_colors_info=&#8221;{}&#8221;][et_pb_text _builder_version=&#8221;4.27.5&#8243; _module_preset=&#8221;default&#8221; text_font=&#8221;RS Regular||||||||&#8221; custom_margin=&#8221;||15px||false|false&#8221; animation_style=&#8221;slide&#8221; animation_direction=&#8221;bottom&#8221; animation_intensity_slide=&#8221;5%&#8221; global_colors_info=&#8221;{}&#8221;]<\/p>\n<h5><span>EU dispute resolution<\/span><\/h5>\n<p>The European Commission provides a platform for online dispute resolution (ODR): <a href=\"https:\/\/ec.europa.eu\/consumers\/odr\">https:\/\/ec.europa.eu\/consumers\/odr<\/a><\/p>\n<p>You can find our email address at the top of the legal notice.<\/p>\n<p>[\/et_pb_text][\/et_pb_column][et_pb_column type=&#8221;1_4&#8243; _builder_version=&#8221;4.27.4&#8243; _module_preset=&#8221;default&#8221; global_colors_info=&#8221;{}&#8221;][et_pb_text _builder_version=&#8221;4.27.5&#8243; _module_preset=&#8221;default&#8221; text_font=&#8221;RS Regular||||||||&#8221; custom_margin=&#8221;||15px||false|false&#8221; animation_style=&#8221;slide&#8221; animation_direction=&#8221;bottom&#8221; animation_intensity_slide=&#8221;5%&#8221; global_colors_info=&#8221;{}&#8221;]<\/p>\n<h5>Consumer dispute resolution\/universal arbitration board<\/h5>\n<p>We are not willing or obliged to participate in dispute resolution proceedings before a consumer arbitration board.<\/p>\n<p>&nbsp;<\/p>\n<p>[\/et_pb_text][\/et_pb_column][\/et_pb_row][\/et_pb_section][et_pb_section fb_built=&#8221;1&#8243; _builder_version=&#8221;4.27.5&#8243; _module_preset=&#8221;default&#8221; background_color=&#8221;gcid-c4c2cb1a-29fd-43ea-8cfc-a96e2a5197fe&#8221; global_colors_info=&#8221;{%22gcid-c4c2cb1a-29fd-43ea-8cfc-a96e2a5197fe%22:%91%22background_color%22%93}&#8221;][et_pb_row column_structure=&#8221;1_2,1_2&#8243; _builder_version=&#8221;4.27.5&#8243; _module_preset=&#8221;default&#8221; global_colors_info=&#8221;{}&#8221;][et_pb_column type=&#8221;1_2&#8243; _builder_version=&#8221;4.27.5&#8243; _module_preset=&#8221;default&#8221; global_colors_info=&#8221;{}&#8221;][et_pb_text _builder_version=&#8221;4.27.5&#8243; _module_preset=&#8221;default&#8221; text_font=&#8221;RS Light||||||||&#8221; custom_margin=&#8221;||15px||false|false&#8221; animation_style=&#8221;slide&#8221; animation_direction=&#8221;bottom&#8221; animation_delay=&#8221;250ms&#8221; animation_intensity_slide=&#8221;5%&#8221; global_colors_info=&#8221;{}&#8221;]<\/p>\n<h5>Liability for content<\/h5>\n<p>As a service provider, we are responsible for our own content on these pages in accordance with \u00a7 7 para. 1 DDG (German Telemedia Act) under general law. However, according to \u00a7\u00a7 8 to 10 DDG, we are not obliged as a service provider to monitor transmitted or stored third-party information or to investigate circumstances that indicate illegal activity.<br \/>Obligations to remove or block the use of information in accordance with general laws remain unaffected by this. However, liability in this regard is only possible from the time we become aware of a specific legal violation. If we become aware of such legal violations, we will remove this content immediately.    <\/p>\n<p>[\/et_pb_text][\/et_pb_column][et_pb_column type=&#8221;1_2&#8243; _builder_version=&#8221;4.27.5&#8243; _module_preset=&#8221;default&#8221; global_colors_info=&#8221;{}&#8221;][et_pb_text _builder_version=&#8221;4.27.5&#8243; _module_preset=&#8221;default&#8221; text_font=&#8221;RS Light||||||||&#8221; custom_margin=&#8221;||15px||false|false&#8221; animation_style=&#8221;slide&#8221; animation_direction=&#8221;bottom&#8221; animation_delay=&#8221;250ms&#8221; animation_intensity_slide=&#8221;5%&#8221; global_colors_info=&#8221;{}&#8221;]<\/p>\n<h5>Image sources and credits<\/h5>\n<p>\u00a9 Shutterstock, <span>1776235835, \u00a9 Shutterstock, 2354805913, \u00a9 Shutterstock 2215360969, \u00a9 Shutterstock, 2632573553, \u00a9 Shutterstock, 2122938971, \u00a9 Shutterstock, 2443837593, \u00a9 Shutterstock, 2314271349, \u00a9 Shutterstock, 2435134733, \u00a9 Shutterstock, 2281384707, \u00a9 Shutterstock, 2625162489, \u00a9 Shutterstock, 1522335587, \u00a9 Shutterstock, 2271662357, \u00a9 Shutterstock, 2162994875, \u00a9 Shutterstock, 2060431370, \u00a9 Shutterstock, 2529746369, \u00a9 Shutterstock, 2415238525, \u00a9 Shutterstock, 2344879067, \u00a9 Shutterstock, 2501698755, \u00a9 Shutterstock, 2492485685, \u00a9 Shutterstock, 2270462195, \u00a9 Shutterstock, 402458263, \u00a9 Shutterstock, 2160229123, \u00a9 Shutterstock, 1402398746, \u00a9 Shutterstock, 1259710162, \u00a9 Shutterstock, 2155229331, \u00a9 Shutterstock, 1565524723, \u00a9 Shutterstock, 2579564393, \u00a9 Shutterstock, 2586502393, \u00a9 Shutterstock, 2448138005, \u00a9 Shutterstock, 2552948105, \u00a9 Shutterstock, 2509432373, \u00a9 Shutterstock, 2483549637, \u00a9 Shutterstock, 2602012317, \u00a9 Shutterstock, 2475090825, \u00a9 Shutterstock, 2607205285, \u00a9 Shutterstock, 1725545821, \u00a9 Shutterstock, 1077839504, \u00a9 Shutterstock, 2458397479, \u00a9 Shutterstock, 2345738153, \u00a9 Shutterstock, 2493502081, \u00a9 Shutterstock, 2493027453, \u00a9 Shutterstock, 2595124929, \u00a9 Shutterstock, 2624185447, \u00a9 Shutterstock, 158522279, \u00a9 Shutterstock, 2667894295, \u00a9 Shutterstock, 2409450015<br \/><\/span><\/p>\n<p>[\/et_pb_text][\/et_pb_column][\/et_pb_row][\/et_pb_section][et_pb_section fb_built=&#8221;1&#8243; module_id=&#8221;kontaktformular&#8221; _builder_version=&#8221;4.27.5&#8243; _module_preset=&#8221;default&#8221; background_color=&#8221;rgba(0,0,0,0.4)&#8221; background_image=&#8221;https:\/\/rsforbusiness.de\/wp-content\/uploads\/2025\/12\/Bild_4_Konferenzraum_Blur.webp&#8221; background_blend=&#8221;multiply&#8221; global_module=&#8221;281&#8243; saved_tabs=&#8221;all&#8221; global_colors_info=&#8221;{%22gcid-primary-color%22:%91%22background_color_gradient_stops%22%93,%22gcid-secondary-color%22:%91%22background_color_gradient_stops%22%93}&#8221;][et_pb_row column_structure=&#8221;1_2,1_2&#8243; _builder_version=&#8221;4.27.5&#8243; _module_preset=&#8221;default&#8221; global_colors_info=&#8221;{}&#8221;][et_pb_column type=&#8221;1_2&#8243; _builder_version=&#8221;4.27.5&#8243; _module_preset=&#8221;default&#8221; global_colors_info=&#8221;{}&#8221;][et_pb_text _builder_version=&#8221;4.27.5&#8243; _module_preset=&#8221;default&#8221; text_font=&#8221;RS Bold||||||||&#8221; text_font_size=&#8221;24px&#8221; text_line_height=&#8221;1.2em&#8221; background_layout=&#8221;dark&#8221; animation_direction=&#8221;bottom&#8221; text_font_size_tablet=&#8221;&#8221; text_font_size_phone=&#8221;17px&#8221; text_font_size_last_edited=&#8221;on|phone&#8221; global_colors_info=&#8221;{}&#8221;]<\/p>\n<h2>Let&#8217;s talk!<\/h2>\n<p>We would be happy to advise you personally on the right staffing solution for you. Tailored to your specific challenges!<\/p>\n<p>Simply fill out the contact form and we will get back to you as soon as possible! You can find further contact details via the following link.<\/p>\n<p>[\/et_pb_text][et_pb_button button_url=&#8221;@ET-DC@eyJkeW5hbWljIjp0cnVlLCJjb250ZW50IjoicG9zdF9saW5rX3VybF9wYWdlIiwic2V0dGluZ3MiOnsicG9zdF9pZCI6IjE5OCJ9fQ==@&#8221; button_text=&#8221;Get in touch&#8221; button_alignment=&#8221;left&#8221; _builder_version=&#8221;4.27.5&#8243; _dynamic_attributes=&#8221;button_url&#8221; _module_preset=&#8221;default&#8221; animation_style=&#8221;slide&#8221; animation_direction=&#8221;bottom&#8221; animation_delay=&#8221;200ms&#8221; animation_intensity_slide=&#8221;5%&#8221; global_colors_info=&#8221;{}&#8221;][\/et_pb_button][\/et_pb_column][et_pb_column type=&#8221;1_2&#8243; _builder_version=&#8221;4.27.5&#8243; _module_preset=&#8221;default&#8221; global_colors_info=&#8221;{}&#8221;][et_pb_contact_form captcha=&#8221;off&#8221; _builder_version=&#8221;4.27.5&#8243; _module_preset=&#8221;default&#8221; _unique_id=&#8221;7c9cc550-e044-4fbf-949f-e3b7bcbd968d&#8221; form_field_background_color=&#8221;#FFFFFF&#8221; form_field_text_color=&#8221;#000000&#8243; form_field_font=&#8221;RS Regular||||||||&#8221; form_field_font_size=&#8221;14px&#8221; background_enable_color=&#8221;off&#8221; animation_direction=&#8221;bottom&#8221; border_radii=&#8221;on|8px|8px|8px|8px&#8221; global_colors_info=&#8221;{}&#8221;][et_pb_contact_field field_id=&#8221;Ansprechpartner&#8221; field_title=&#8221;contact person&#8221; _builder_version=&#8221;4.27.5&#8243; global_colors_info=&#8221;{}&#8221; button_text_size__hover_enabled=&#8221;off&#8221; button_one_text_size__hover_enabled=&#8221;off&#8221; button_two_text_size__hover_enabled=&#8221;off&#8221; button_text_color__hover_enabled=&#8221;off&#8221; button_one_text_color__hover_enabled=&#8221;off&#8221; button_two_text_color__hover_enabled=&#8221;off&#8221; button_border_width__hover_enabled=&#8221;off&#8221; button_one_border_width__hover_enabled=&#8221;off&#8221; button_two_border_width__hover_enabled=&#8221;off&#8221; button_border_color__hover_enabled=&#8221;off&#8221; button_one_border_color__hover_enabled=&#8221;off&#8221; button_two_border_color__hover_enabled=&#8221;off&#8221; button_border_radius__hover_enabled=&#8221;off&#8221; button_one_border_radius__hover_enabled=&#8221;off&#8221; button_two_border_radius__hover_enabled=&#8221;off&#8221; button_letter_spacing__hover_enabled=&#8221;off&#8221; button_one_letter_spacing__hover_enabled=&#8221;off&#8221; button_two_letter_spacing__hover_enabled=&#8221;off&#8221; button_bg_color__hover_enabled=&#8221;off&#8221; button_one_bg_color__hover_enabled=&#8221;off&#8221; button_two_bg_color__hover_enabled=&#8221;off&#8221;][\/et_pb_contact_field][et_pb_contact_field field_id=&#8221;Unternehmen&#8221; field_title=&#8221;Company&#8221; _builder_version=&#8221;4.27.5&#8243; global_colors_info=&#8221;{}&#8221; button_text_size__hover_enabled=&#8221;off&#8221; button_one_text_size__hover_enabled=&#8221;off&#8221; button_two_text_size__hover_enabled=&#8221;off&#8221; button_text_color__hover_enabled=&#8221;off&#8221; button_one_text_color__hover_enabled=&#8221;off&#8221; button_two_text_color__hover_enabled=&#8221;off&#8221; button_border_width__hover_enabled=&#8221;off&#8221; button_one_border_width__hover_enabled=&#8221;off&#8221; button_two_border_width__hover_enabled=&#8221;off&#8221; button_border_color__hover_enabled=&#8221;off&#8221; button_one_border_color__hover_enabled=&#8221;off&#8221; button_two_border_color__hover_enabled=&#8221;off&#8221; button_border_radius__hover_enabled=&#8221;off&#8221; button_one_border_radius__hover_enabled=&#8221;off&#8221; button_two_border_radius__hover_enabled=&#8221;off&#8221; button_letter_spacing__hover_enabled=&#8221;off&#8221; button_one_letter_spacing__hover_enabled=&#8221;off&#8221; button_two_letter_spacing__hover_enabled=&#8221;off&#8221; button_bg_color__hover_enabled=&#8221;off&#8221; button_one_bg_color__hover_enabled=&#8221;off&#8221; button_two_bg_color__hover_enabled=&#8221;off&#8221;][\/et_pb_contact_field][et_pb_contact_field field_id=&#8221;Email&#8221; field_title=&#8221;email address&#8221; field_type=&#8221;email&#8221; _builder_version=&#8221;4.16&#8243; global_colors_info=&#8221;{}&#8221; button_text_size__hover_enabled=&#8221;off&#8221; button_one_text_size__hover_enabled=&#8221;off&#8221; button_two_text_size__hover_enabled=&#8221;off&#8221; button_text_color__hover_enabled=&#8221;off&#8221; button_one_text_color__hover_enabled=&#8221;off&#8221; button_two_text_color__hover_enabled=&#8221;off&#8221; button_border_width__hover_enabled=&#8221;off&#8221; button_one_border_width__hover_enabled=&#8221;off&#8221; button_two_border_width__hover_enabled=&#8221;off&#8221; button_border_color__hover_enabled=&#8221;off&#8221; button_one_border_color__hover_enabled=&#8221;off&#8221; button_two_border_color__hover_enabled=&#8221;off&#8221; button_border_radius__hover_enabled=&#8221;off&#8221; button_one_border_radius__hover_enabled=&#8221;off&#8221; button_two_border_radius__hover_enabled=&#8221;off&#8221; button_letter_spacing__hover_enabled=&#8221;off&#8221; button_one_letter_spacing__hover_enabled=&#8221;off&#8221; button_two_letter_spacing__hover_enabled=&#8221;off&#8221; button_bg_color__hover_enabled=&#8221;off&#8221; button_one_bg_color__hover_enabled=&#8221;off&#8221; button_two_bg_color__hover_enabled=&#8221;off&#8221;][\/et_pb_contact_field][et_pb_contact_field field_id=&#8221;Telefonnummer&#8221; field_title=&#8221;phone number&#8221; _builder_version=&#8221;4.27.5&#8243; global_colors_info=&#8221;{}&#8221; button_text_size__hover_enabled=&#8221;off&#8221; button_one_text_size__hover_enabled=&#8221;off&#8221; button_two_text_size__hover_enabled=&#8221;off&#8221; button_text_color__hover_enabled=&#8221;off&#8221; button_one_text_color__hover_enabled=&#8221;off&#8221; button_two_text_color__hover_enabled=&#8221;off&#8221; button_border_width__hover_enabled=&#8221;off&#8221; button_one_border_width__hover_enabled=&#8221;off&#8221; button_two_border_width__hover_enabled=&#8221;off&#8221; button_border_color__hover_enabled=&#8221;off&#8221; button_one_border_color__hover_enabled=&#8221;off&#8221; button_two_border_color__hover_enabled=&#8221;off&#8221; button_border_radius__hover_enabled=&#8221;off&#8221; button_one_border_radius__hover_enabled=&#8221;off&#8221; button_two_border_radius__hover_enabled=&#8221;off&#8221; button_letter_spacing__hover_enabled=&#8221;off&#8221; button_one_letter_spacing__hover_enabled=&#8221;off&#8221; button_two_letter_spacing__hover_enabled=&#8221;off&#8221; button_bg_color__hover_enabled=&#8221;off&#8221; button_one_bg_color__hover_enabled=&#8221;off&#8221; button_two_bg_color__hover_enabled=&#8221;off&#8221;][\/et_pb_contact_field][et_pb_contact_field field_id=&#8221;Nachricht&#8221; field_title=&#8221;Your message to us&#8230;&#8221; field_type=&#8221;text&#8221; fullwidth_field=&#8221;on&#8221; _builder_version=&#8221;4.27.5&#8243; global_colors_info=&#8221;{}&#8221; button_text_size__hover_enabled=&#8221;off&#8221; button_one_text_size__hover_enabled=&#8221;off&#8221; button_two_text_size__hover_enabled=&#8221;off&#8221; button_text_color__hover_enabled=&#8221;off&#8221; button_one_text_color__hover_enabled=&#8221;off&#8221; button_two_text_color__hover_enabled=&#8221;off&#8221; button_border_width__hover_enabled=&#8221;off&#8221; button_one_border_width__hover_enabled=&#8221;off&#8221; button_two_border_width__hover_enabled=&#8221;off&#8221; button_border_color__hover_enabled=&#8221;off&#8221; button_one_border_color__hover_enabled=&#8221;off&#8221; button_two_border_color__hover_enabled=&#8221;off&#8221; button_border_radius__hover_enabled=&#8221;off&#8221; button_one_border_radius__hover_enabled=&#8221;off&#8221; button_two_border_radius__hover_enabled=&#8221;off&#8221; button_letter_spacing__hover_enabled=&#8221;off&#8221; button_one_letter_spacing__hover_enabled=&#8221;off&#8221; button_two_letter_spacing__hover_enabled=&#8221;off&#8221; button_bg_color__hover_enabled=&#8221;off&#8221; button_one_bg_color__hover_enabled=&#8221;off&#8221; button_two_bg_color__hover_enabled=&#8221;off&#8221;][\/et_pb_contact_field][\/et_pb_contact_form][\/et_pb_column][\/et_pb_row][\/et_pb_section][et_pb_section fb_built=&#8221;1&#8243; _builder_version=&#8221;4.27.5&#8243; _module_preset=&#8221;default&#8221; background_color=&#8221;RGBA(255,255,255,0)&#8221; custom_padding=&#8221;0px||0px||false|false&#8221; global_module=&#8221;365&#8243; saved_tabs=&#8221;all&#8221; global_colors_info=&#8221;{}&#8221;][et_pb_row _builder_version=&#8221;4.27.5&#8243; _module_preset=&#8221;default&#8221; custom_padding=&#8221;15px||15px||false|false&#8221; global_colors_info=&#8221;{}&#8221;][et_pb_column type=&#8221;4_4&#8243; _builder_version=&#8221;4.27.5&#8243; _module_preset=&#8221;default&#8221; global_colors_info=&#8221;{}&#8221;][et_pb_text content_tablet=&#8221;&#8221; content_phone=&#8221;<\/p>\n<p style=%22text-align: left;%22>\u00a9 RS for business GmbH<br \/><a href=%22https:\/\/rsforbusiness.de\/en\/impressum\/%22>Legal notice<\/a> \u00b7 <a href=%22https:\/\/rsforbusiness.de\/en\/data-protection\/%22>Privacy policy<\/a><\/p>\n<p>&#8221; content_last_edited=&#8221;on|desktop&#8221; _builder_version=&#8221;4.27.5&#8243; _module_preset=&#8221;default&#8221; text_font=&#8221;RS Bold||||||||&#8221; custom_padding=&#8221;||||false|false&#8221; global_colors_info=&#8221;{}&#8221;]<\/p>\n<p style=\"text-align: left;\">\u00a9 RS for business GmbH \u00b7 <a href=\"https:\/\/rsforbusiness.de\/en\/impressum\/\">Legal notice<\/a> \u00b7 <a href=\"https:\/\/rsforbusiness.de\/en\/data-protection\/\">Privacy policy<\/a><\/p>\n<p>[\/et_pb_text][\/et_pb_column][\/et_pb_row][\/et_pb_section]<\/p>\n","protected":false},"excerpt":{"rendered":"<p>RS for business GmbH Am M\u00fcnchfeld 57-5980999 M\u00fcnchen Telefon: +49 7404 6601803E-Mail: info@rsforbusiness.de Represented by: Kristijan Kopi\u0107Sales tax identification number in accordance with Section 27a of the Sales Tax Act: DE240488177 Responsible for content in accordance with \u00a7 55 (2) RStV: Kristijan Kopi\u0107 EU dispute resolution The European Commission provides a platform for online dispute resolution (ODR): https:\/\/ec.europa.eu\/consumers\/odr You can find our email address at the top of the legal notice.Consumer dispute resolution\/universal arbitration board We are not willing or obliged to participate in dispute resolution proceedings before a consumer arbitration board. &nbsp;Liability for content As a service provider, we are responsible for our own content on these pages in accordance with \u00a7 7 para. 1 DDG (German Telemedia Act) under general law. However, according to \u00a7\u00a7 8 to 10 DDG, we are not obliged as a service provider to monitor transmitted or stored third-party information or to investigate circumstances that indicate illegal activity.Obligations to remove or block the use of information in accordance with general laws remain unaffected by this. However, liability in this regard is only possible from the time we become aware of a specific legal violation. If we become aware of such legal violations, we will [&hellip;]<\/p>\n","protected":false},"author":1,"featured_media":0,"parent":0,"menu_order":0,"comment_status":"closed","ping_status":"closed","template":"","meta":{"_et_pb_use_builder":"on","_et_pb_old_content":"","_et_gb_content_width":"","footnotes":""},"class_list":["post-483","page","type-page","status-publish","hentry"],"_links":{"self":[{"href":"https:\/\/rsforbusiness.de\/en\/wp-json\/wp\/v2\/pages\/483","targetHints":{"allow":["GET"]}}],"collection":[{"href":"https:\/\/rsforbusiness.de\/en\/wp-json\/wp\/v2\/pages"}],"about":[{"href":"https:\/\/rsforbusiness.de\/en\/wp-json\/wp\/v2\/types\/page"}],"author":[{"embeddable":true,"href":"https:\/\/rsforbusiness.de\/en\/wp-json\/wp\/v2\/users\/1"}],"replies":[{"embeddable":true,"href":"https:\/\/rsforbusiness.de\/en\/wp-json\/wp\/v2\/comments?post=483"}],"version-history":[{"count":9,"href":"https:\/\/rsforbusiness.de\/en\/wp-json\/wp\/v2\/pages\/483\/revisions"}],"predecessor-version":[{"id":615,"href":"https:\/\/rsforbusiness.de\/en\/wp-json\/wp\/v2\/pages\/483\/revisions\/615"}],"wp:attachment":[{"href":"https:\/\/rsforbusiness.de\/en\/wp-json\/wp\/v2\/media?parent=483"}],"curies":[{"name":"wp","href":"https:\/\/api.w.org\/{rel}","templated":true}]}}